{"id":17602,"date":"2025-12-10T09:20:49","date_gmt":"2025-12-10T09:20:49","guid":{"rendered":"https:\/\/hlled.com\/?page_id=17602"},"modified":"2025-12-10T09:50:14","modified_gmt":"2025-12-10T09:50:14","slug":"author","status":"publish","type":"page","link":"https:\/\/hlled.com\/es\/author\/","title":{"rendered":"Presentaci\u00f3n del autor: Ingeniero de iluminaci\u00f3n Helian"},"content":{"rendered":"<style>.kb-row-layout-id17602_350c44-95 > .kt-row-column-wrap{align-content:start;}:where(.kb-row-layout-id17602_350c44-95 > .kt-row-column-wrap) > .wp-block-kadence-column{justify-content:start;}.kb-row-layout-id17602_350c44-95 > .kt-row-column-wrap{column-gap:var(--global-kb-gap-md, 2rem);row-gap:var(--global-kb-gap-md, 2rem);padding-top:var(--global-kb-spacing-sm, 1.5rem);padding-bottom:var(--global-kb-spacing-sm, 1.5rem);}.kb-row-layout-id17602_350c44-95 > .kt-row-column-wrap > *:nth-child(3n of *:not(style)){grid-column:1 \/ -1;}.kb-row-layout-id17602_350c44-95 > .kt-row-column-wrap{grid-template-columns:repeat(2, minmax(0, 1fr));}.kb-row-layout-id17602_350c44-95 > .kt-row-layout-overlay{opacity:0.30;}@media all and (max-width: 1024px){.kb-row-layout-id17602_350c44-95 > .kt-row-column-wrap > *:nth-child(3n of *:not(style)){grid-column:1 \/ -1;}}@media all and (max-width: 1024px){.kb-row-layout-id17602_350c44-95 > .kt-row-column-wrap{grid-template-columns:repeat(2, minmax(0, 1fr));}}@media all and (max-width: 767px){.kb-row-layout-id17602_350c44-95 > .kt-row-column-wrap > div:not(.added-for-specificity){grid-column:initial;}.kb-row-layout-id17602_350c44-95 > .kt-row-column-wrap{grid-template-columns:minmax(0, 1fr);}}<\/style><div class=\"kb-row-layout-wrap kb-row-layout-id17602_350c44-95 alignnone wp-block-kadence-rowlayout\"><div class=\"kt-row-column-wrap kt-has-3-columns kt-row-layout-last-row kt-tab-layout-inherit kt-mobile-layout-row kt-row-valign-top\">\n<style>.kadence-column17602_99f2d4-07 > .kt-inside-inner-col,.kadence-column17602_99f2d4-07 > .kt-inside-inner-col:before{border-top-left-radius:0px;border-top-right-radius:0px;border-bottom-right-radius:0px;border-bottom-left-radius:0px;}.kadence-column17602_99f2d4-07 > .kt-inside-inner-col{column-gap:var(--global-kb-gap-sm, 1rem);}.kadence-column17602_99f2d4-07 > .kt-inside-inner-col{flex-direction:column;}.kadence-column17602_99f2d4-07 > .kt-inside-inner-col > .aligncenter{width:100%;}.kadence-column17602_99f2d4-07 > .kt-inside-inner-col:before{opacity:0.3;}.kadence-column17602_99f2d4-07{position:relative;}@media all and (max-width: 1024px){.kadence-column17602_99f2d4-07 > .kt-inside-inner-col{flex-direction:column;justify-content:center;}}@media all and (max-width: 767px){.kadence-column17602_99f2d4-07 > .kt-inside-inner-col{flex-direction:column;justify-content:center;}}<\/style>\n<div class=\"wp-block-kadence-column kadence-column17602_99f2d4-07\"><div class=\"kt-inside-inner-col\"><style>.wp-block-kadence-advancedheading.kt-adv-heading17602_2b1e3f-68, .wp-block-kadence-advancedheading.kt-adv-heading17602_2b1e3f-68[data-kb-block=\"kb-adv-heading17602_2b1e3f-68\"]{text-align:center;font-style:normal;}.wp-block-kadence-advancedheading.kt-adv-heading17602_2b1e3f-68 mark.kt-highlight, .wp-block-kadence-advancedheading.kt-adv-heading17602_2b1e3f-68[data-kb-block=\"kb-adv-heading17602_2b1e3f-68\"] mark.kt-highlight{font-style:normal;color:#f76a0c;-webkit-box-decoration-break:clone;box-decoration-break:clone;padding-top:0px;padding-right:0px;padding-bottom:0px;padding-left:0px;}.wp-block-kadence-advancedheading.kt-adv-heading17602_2b1e3f-68 img.kb-inline-image, .wp-block-kadence-advancedheading.kt-adv-heading17602_2b1e3f-68[data-kb-block=\"kb-adv-heading17602_2b1e3f-68\"] img.kb-inline-image{width:150px;vertical-align:baseline;}<\/style>\n<h1 class=\"kt-adv-heading17602_2b1e3f-68 wp-block-kadence-advancedheading\" data-kb-block=\"kb-adv-heading17602_2b1e3f-68\"><strong><strong>Lighting Engineer Personal Profile<\/strong><\/strong><\/h1>\n\n\n<style>.wp-block-kadence-advancedheading.kt-adv-heading17602_8878de-b3_0, .wp-block-kadence-advancedheading.kt-adv-heading17602_8878de-b3_0[data-kb-block=\"kb-adv-heading17602_8878de-b3_0\"]{text-align:left;font-style:normal;}.wp-block-kadence-advancedheading.kt-adv-heading17602_8878de-b3_0 mark.kt-highlight, .wp-block-kadence-advancedheading.kt-adv-heading17602_8878de-b3_0[data-kb-block=\"kb-adv-heading17602_8878de-b3_0\"] mark.kt-highlight{font-style:normal;color:#f76a0c;-webkit-box-decoration-break:clone;box-decoration-break:clone;padding-top:0px;padding-right:0px;padding-bottom:0px;padding-left:0px;}.wp-block-kadence-advancedheading.kt-adv-heading17602_8878de-b3_0 img.kb-inline-image, .wp-block-kadence-advancedheading.kt-adv-heading17602_8878de-b3_0[data-kb-block=\"kb-adv-heading17602_8878de-b3_0\"] img.kb-inline-image{width:150px;vertical-align:baseline;}<\/style>\n<h2 class=\"kt-adv-heading17602_8878de-b3_0 wp-block-kadence-advancedheading\" data-kb-block=\"kb-adv-heading17602_8878de-b3_0\">Basic Information<\/h2>\n\n\n\n<ul class=\"wp-block-list\">\n<li><strong><strong>Name<\/strong><\/strong>: Yingpeng LI<\/li>\n\n\n\n<li><strong>Title<\/strong>: Senior Lighting Design Engineer<\/li>\n\n\n\n<li><strong>Team<\/strong>: Helian Lighting Technology Expert Team<\/li>\n\n\n\n<li><strong>Education<\/strong>: <a href=\"http:\/\/seu.edu.cn\" target=\"_blank\" rel=\"nofollow noreferrer noopener\">Southeast University<\/a>, Department of Electrical Engineering, <a href=\"https:\/\/www.chsi.com.cn\/xlcx\/\" target=\"_blank\" rel=\"nofollow noreferrer noopener\">Bachelor of Engineering<\/a>(Click to query)<br><em><strong>Years:<\/strong> <\/em>2011.9 &#8211; 2015.7<br><em><strong>Research Focus:<\/strong> Power Electronics and Lighting Drive Technology<\/em><\/li>\n\n\n\n<li><strong>Years of Experience:<\/strong> Over 10 years of professional experience in lighting design and engineering.<\/li>\n<\/ul>\n<\/div><\/div>\n\n\n<style>.kadence-column17602_7b5d61-a0 > .kt-inside-inner-col,.kadence-column17602_7b5d61-a0 > .kt-inside-inner-col:before{border-top-left-radius:0px;border-top-right-radius:0px;border-bottom-right-radius:0px;border-bottom-left-radius:0px;}.kadence-column17602_7b5d61-a0 > .kt-inside-inner-col{column-gap:var(--global-kb-gap-sm, 1rem);}.kadence-column17602_7b5d61-a0 > .kt-inside-inner-col{flex-direction:column;}.kadence-column17602_7b5d61-a0 > .kt-inside-inner-col > .aligncenter{width:100%;}.kadence-column17602_7b5d61-a0 > .kt-inside-inner-col:before{opacity:0.3;}.kadence-column17602_7b5d61-a0{position:relative;}@media all and (max-width: 1024px){.kadence-column17602_7b5d61-a0 > .kt-inside-inner-col{flex-direction:column;justify-content:center;}}@media all and (max-width: 767px){.kadence-column17602_7b5d61-a0 > .kt-inside-inner-col{flex-direction:column;justify-content:center;}}<\/style>\n<div class=\"wp-block-kadence-column kadence-column17602_7b5d61-a0\"><div class=\"kt-inside-inner-col\"><style>.kb-image17602_e2fce9-b2 .kb-image-has-overlay:after{opacity:0.3;}<\/style>\n<div class=\"wp-block-kadence-image kb-image17602_e2fce9-b2\"><figure class=\"aligncenter\"><img decoding=\"async\" width=\"1500\" height=\"1000\" src=\"https:\/\/hlled.com\/wp-content\/uploads\/2025\/12\/Helian-Lighting-Technology-Expert-Team1.jpg\" alt=\"Helian Lighting Technology Expert Team\" class=\"kb-img wp-image-17609\" title=\"\" srcset=\"https:\/\/hlled.com\/wp-content\/uploads\/2025\/12\/Helian-Lighting-Technology-Expert-Team1.jpg 1500w, https:\/\/hlled.com\/wp-content\/uploads\/2025\/12\/Helian-Lighting-Technology-Expert-Team1-500x333.jpg 500w, https:\/\/hlled.com\/wp-content\/uploads\/2025\/12\/Helian-Lighting-Technology-Expert-Team1-1024x683.jpg 1024w, https:\/\/hlled.com\/wp-content\/uploads\/2025\/12\/Helian-Lighting-Technology-Expert-Team1-150x100.jpg 150w, https:\/\/hlled.com\/wp-content\/uploads\/2025\/12\/Helian-Lighting-Technology-Expert-Team1-768x512.jpg 768w, https:\/\/hlled.com\/wp-content\/uploads\/2025\/12\/Helian-Lighting-Technology-Expert-Team1-18x12.jpg 18w\" sizes=\"(max-width: 1500px) 100vw, 1500px\" \/><figcaption>Helian Lighting Technology Expert Team<\/figcaption><\/figure><\/div>\n<\/div><\/div>\n\n\n<style>.kadence-column17602_41714c-97 > .kt-inside-inner-col,.kadence-column17602_41714c-97 > .kt-inside-inner-col:before{border-top-left-radius:0px;border-top-right-radius:0px;border-bottom-right-radius:0px;border-bottom-left-radius:0px;}.kadence-column17602_41714c-97 > .kt-inside-inner-col{column-gap:var(--global-kb-gap-sm, 1rem);}.kadence-column17602_41714c-97 > .kt-inside-inner-col{flex-direction:column;}.kadence-column17602_41714c-97 > .kt-inside-inner-col > .aligncenter{width:100%;}.kadence-column17602_41714c-97 > .kt-inside-inner-col:before{opacity:0.3;}.kadence-column17602_41714c-97{position:relative;}@media all and (max-width: 1024px){.kadence-column17602_41714c-97 > .kt-inside-inner-col{flex-direction:column;justify-content:center;}}@media all and (max-width: 767px){.kadence-column17602_41714c-97 > .kt-inside-inner-col{flex-direction:column;justify-content:center;}}<\/style>\n<div class=\"wp-block-kadence-column kadence-column17602_41714c-97\"><div class=\"kt-inside-inner-col\"><style>.wp-block-kadence-advancedheading.kt-adv-heading17602_af7376-d7_0, .wp-block-kadence-advancedheading.kt-adv-heading17602_af7376-d7_0[data-kb-block=\"kb-adv-heading17602_af7376-d7_0\"]{font-style:normal;}.wp-block-kadence-advancedheading.kt-adv-heading17602_af7376-d7_0 mark.kt-highlight, .wp-block-kadence-advancedheading.kt-adv-heading17602_af7376-d7_0[data-kb-block=\"kb-adv-heading17602_af7376-d7_0\"] mark.kt-highlight{font-style:normal;color:#f76a0c;-webkit-box-decoration-break:clone;box-decoration-break:clone;padding-top:0px;padding-right:0px;padding-bottom:0px;padding-left:0px;}.wp-block-kadence-advancedheading.kt-adv-heading17602_af7376-d7_0 img.kb-inline-image, .wp-block-kadence-advancedheading.kt-adv-heading17602_af7376-d7_0[data-kb-block=\"kb-adv-heading17602_af7376-d7_0\"] img.kb-inline-image{width:150px;vertical-align:baseline;}<\/style>\n<h2 class=\"kt-adv-heading17602_af7376-d7_0 wp-block-kadence-advancedheading\" data-kb-block=\"kb-adv-heading17602_af7376-d7_0\">Core Expertise<\/h2>\n\n\n<style>.wp-block-kadence-iconlist.kt-svg-icon-list-items17602_181637-ad:not(.this-stops-third-party-issues){margin-top:0px;margin-bottom:0px;}.wp-block-kadence-iconlist.kt-svg-icon-list-items17602_181637-ad ul.kt-svg-icon-list:not(.this-prevents-issues):not(.this-stops-third-party-issues):not(.tijsloc){margin-top:0px;margin-right:0px;margin-bottom:var(--global-kb-spacing-sm, 1.5rem);margin-left:0px;}.wp-block-kadence-iconlist.kt-svg-icon-list-items17602_181637-ad ul.kt-svg-icon-list{grid-row-gap:5px;}.wp-block-kadence-iconlist.kt-svg-icon-list-items17602_181637-ad ul.kt-svg-icon-list .kt-svg-icon-list-item-wrap .kt-svg-icon-list-single{margin-right:10px;}.kt-svg-icon-list-items17602_181637-ad ul.kt-svg-icon-list .kt-svg-icon-list-level-0 .kt-svg-icon-list-single svg{font-size:20px;}<\/style>\n<div class=\"wp-block-kadence-iconlist kt-svg-icon-list-items kt-svg-icon-list-items17602_181637-ad kt-svg-icon-list-columns-1 alignnone kt-list-icon-aligntop\"><ul class=\"kt-svg-icon-list\"><style>.kt-svg-icon-list-item-17602_3335ac-7f .kt-svg-icon-list-text mark.kt-highlight{background-color:unset;font-style:normal;color:#f76a0c;-webkit-box-decoration-break:clone;box-decoration-break:clone;padding-top:0px;padding-right:0px;padding-bottom:0px;padding-left:0px;}<\/style>\n<li class=\"wp-block-kadence-listitem kt-svg-icon-list-item-wrap kt-svg-icon-list-item-17602_3335ac-7f\"><span class=\"kb-svg-icon-wrap kb-svg-icon-fe_checkCircle kt-svg-icon-list-single\"><svg viewBox=\"0 0 24 24\"  fill=\"none\" stroke=\"currentColor\" stroke-width=\"2\" stroke-linecap=\"round\" stroke-linejoin=\"round\" xmlns=\"http:\/\/www.w3.org\/2000\/svg\"  aria-hidden=\"true\"><path d=\"M22 11.08V12a10 10 0 1 1-5.93-9.14\"\/><polyline points=\"22 4 12 14.01 9 11.01\"\/><\/svg><\/span><span class=\"kt-svg-icon-list-text\"><strong>Professional Lighting Design:<\/strong><br>Specializes in functional and artistic lighting solutions for commercial spaces, office environments, and industrial plants.<\/span><\/li>\n\n\n<style>.kt-svg-icon-list-item-17602_543797-16 .kt-svg-icon-list-text mark.kt-highlight{background-color:unset;font-style:normal;color:#f76a0c;-webkit-box-decoration-break:clone;box-decoration-break:clone;padding-top:0px;padding-right:0px;padding-bottom:0px;padding-left:0px;}<\/style>\n<li class=\"wp-block-kadence-listitem kt-svg-icon-list-item-wrap kt-svg-icon-list-item-17602_543797-16\"><span class=\"kb-svg-icon-wrap kb-svg-icon-fe_checkCircle kt-svg-icon-list-single\"><svg viewBox=\"0 0 24 24\"  fill=\"none\" stroke=\"currentColor\" stroke-width=\"2\" stroke-linecap=\"round\" stroke-linejoin=\"round\" xmlns=\"http:\/\/www.w3.org\/2000\/svg\"  aria-hidden=\"true\"><path d=\"M22 11.08V12a10 10 0 1 1-5.93-9.14\"\/><polyline points=\"22 4 12 14.01 9 11.01\"\/><\/svg><\/span><span class=\"kt-svg-icon-list-text\"><strong>LED Technology Application:<\/strong><br>\u00a0Proficient in LED optical design, thermal management, and the selection and integration of intelligent driver systems.<\/span><\/li>\n\n\n<style>.kt-svg-icon-list-item-17602_a118aa-e9 .kt-svg-icon-list-text mark.kt-highlight{background-color:unset;font-style:normal;color:#f76a0c;-webkit-box-decoration-break:clone;box-decoration-break:clone;padding-top:0px;padding-right:0px;padding-bottom:0px;padding-left:0px;}<\/style>\n<li class=\"wp-block-kadence-listitem kt-svg-icon-list-item-wrap kt-svg-icon-list-item-17602_a118aa-e9\"><span class=\"kb-svg-icon-wrap kb-svg-icon-fe_checkCircle kt-svg-icon-list-single\"><svg viewBox=\"0 0 24 24\"  fill=\"none\" stroke=\"currentColor\" stroke-width=\"2\" stroke-linecap=\"round\" stroke-linejoin=\"round\" xmlns=\"http:\/\/www.w3.org\/2000\/svg\"  aria-hidden=\"true\"><path d=\"M22 11.08V12a10 10 0 1 1-5.93-9.14\"\/><polyline points=\"22 4 12 14.01 9 11.01\"\/><\/svg><\/span><span class=\"kt-svg-icon-list-text\"><strong>Energy Efficiency &amp; Standards:<\/strong>\u00a0<br>Well-versed in domestic and international green building and lighting efficiency standards (e.g., LEED, China Green Building Evaluation Standard), adept at developing lighting plans that meet certification requirements.<\/span><\/li>\n\n\n<style>.kt-svg-icon-list-item-17602_a999af-dd .kt-svg-icon-list-text mark.kt-highlight{background-color:unset;font-style:normal;color:#f76a0c;-webkit-box-decoration-break:clone;box-decoration-break:clone;padding-top:0px;padding-right:0px;padding-bottom:0px;padding-left:0px;}<\/style>\n<li class=\"wp-block-kadence-listitem kt-svg-icon-list-item-wrap kt-svg-icon-list-item-17602_a999af-dd\"><span class=\"kb-svg-icon-wrap kb-svg-icon-fe_checkCircle kt-svg-icon-list-single\"><svg viewBox=\"0 0 24 24\"  fill=\"none\" stroke=\"currentColor\" stroke-width=\"2\" stroke-linecap=\"round\" stroke-linejoin=\"round\" xmlns=\"http:\/\/www.w3.org\/2000\/svg\"  aria-hidden=\"true\"><path d=\"M22 11.08V12a10 10 0 1 1-5.93-9.14\"\/><polyline points=\"22 4 12 14.01 9 11.01\"\/><\/svg><\/span><span class=\"kt-svg-icon-list-text\"><strong>\u00a0Intelligent Lighting Control:<\/strong><br>Rich experience in the planning and implementation of DALI, KNX, and IoT-based lighting control systems.<\/span><\/li>\n<\/ul><\/div>\n\n\n<style>.wp-block-kadence-advancedheading.kt-adv-heading17602_e45b9a-7d_0, .wp-block-kadence-advancedheading.kt-adv-heading17602_e45b9a-7d_0[data-kb-block=\"kb-adv-heading17602_e45b9a-7d_0\"]{font-style:normal;}.wp-block-kadence-advancedheading.kt-adv-heading17602_e45b9a-7d_0 mark.kt-highlight, .wp-block-kadence-advancedheading.kt-adv-heading17602_e45b9a-7d_0[data-kb-block=\"kb-adv-heading17602_e45b9a-7d_0\"] mark.kt-highlight{font-style:normal;color:#f76a0c;-webkit-box-decoration-break:clone;box-decoration-break:clone;padding-top:0px;padding-right:0px;padding-bottom:0px;padding-left:0px;}.wp-block-kadence-advancedheading.kt-adv-heading17602_e45b9a-7d_0 img.kb-inline-image, .wp-block-kadence-advancedheading.kt-adv-heading17602_e45b9a-7d_0[data-kb-block=\"kb-adv-heading17602_e45b9a-7d_0\"] img.kb-inline-image{width:150px;vertical-align:baseline;}<\/style>\n<h2 class=\"kt-adv-heading17602_e45b9a-7d_0 wp-block-kadence-advancedheading\" data-kb-block=\"kb-adv-heading17602_e45b9a-7d_0\">Project Experience<\/h2>\n\n\n<style>.wp-block-kadence-advancedheading.kt-adv-heading17602_4b65a7-5b_0, .wp-block-kadence-advancedheading.kt-adv-heading17602_4b65a7-5b_0[data-kb-block=\"kb-adv-heading17602_4b65a7-5b_0\"]{font-style:normal;}.wp-block-kadence-advancedheading.kt-adv-heading17602_4b65a7-5b_0[data-kb-block=\"kb-adv-heading17602_4b65a7-5b_0\"]{display:flex;gap:0.25em;align-items:center;}.wp-block-kadence-advancedheading.kt-adv-heading17602_4b65a7-5b_0[data-kb-block=\"kb-adv-heading17602_4b65a7-5b_0\"] .kb-adv-heading-icon svg{width:1em;height:1em;}.wp-block-kadence-advancedheading.kt-adv-heading17602_4b65a7-5b_0[data-kb-block=\"kb-adv-heading17602_4b65a7-5b_0\"] .kb-adv-heading-icon{color:var(--global-palette14, #3182CE);}.wp-block-kadence-advancedheading.kt-adv-heading17602_4b65a7-5b_0 mark.kt-highlight, .wp-block-kadence-advancedheading.kt-adv-heading17602_4b65a7-5b_0[data-kb-block=\"kb-adv-heading17602_4b65a7-5b_0\"] mark.kt-highlight{font-style:normal;color:#f76a0c;-webkit-box-decoration-break:clone;box-decoration-break:clone;padding-top:0px;padding-right:0px;padding-bottom:0px;padding-left:0px;}.wp-block-kadence-advancedheading.kt-adv-heading17602_4b65a7-5b_0 img.kb-inline-image, .wp-block-kadence-advancedheading.kt-adv-heading17602_4b65a7-5b_0[data-kb-block=\"kb-adv-heading17602_4b65a7-5b_0\"] img.kb-inline-image{width:150px;vertical-align:baseline;}<\/style><h3 class=\"kt-adv-heading17602_4b65a7-5b_0 wp-block-kadence-advancedheading kt-adv-heading-has-icon\" data-kb-block=\"kb-adv-heading17602_4b65a7-5b_0\"><span class=\"kb-svg-icon-wrap kb-adv-heading-icon kb-svg-icon-icon-filter_1 kb-adv-heading-icon-side-left\"><svg viewBox=\"0 0 1024 1024\"  fill=\"currentColor\" xmlns=\"http:\/\/www.w3.org\/2000\/svg\"  aria-hidden=\"true\"><path d=\"M896 726v-598h-598v598h598zM896 42q34 0 60 26t26 60v598q0 34-26 59t-60 25h-598q-34 0-59-25t-25-59v-598q0-34 25-60t59-26h598zM598 640v-342h-86v-84h170v426h-84zM128 214v682h682v86h-682q-34 0-60-26t-26-60v-682h86z\"\/><\/svg><\/span><span class=\"kb-adv-text-inner\">The Okada Hotel Project in Manila, Philippines<\/span><\/h3>\n\n<style>.wp-block-kadence-advancedheading.kt-adv-heading17602_8a4723-c7_0, .wp-block-kadence-advancedheading.kt-adv-heading17602_8a4723-c7_0[data-kb-block=\"kb-adv-heading17602_8a4723-c7_0\"]{font-style:normal;}.wp-block-kadence-advancedheading.kt-adv-heading17602_8a4723-c7_0 mark.kt-highlight, .wp-block-kadence-advancedheading.kt-adv-heading17602_8a4723-c7_0[data-kb-block=\"kb-adv-heading17602_8a4723-c7_0\"] mark.kt-highlight{font-style:normal;color:#f76a0c;-webkit-box-decoration-break:clone;box-decoration-break:clone;padding-top:0px;padding-right:0px;padding-bottom:0px;padding-left:0px;}.wp-block-kadence-advancedheading.kt-adv-heading17602_8a4723-c7_0 img.kb-inline-image, .wp-block-kadence-advancedheading.kt-adv-heading17602_8a4723-c7_0[data-kb-block=\"kb-adv-heading17602_8a4723-c7_0\"] img.kb-inline-image{width:150px;vertical-align:baseline;}<\/style>\n<p class=\"kt-adv-heading17602_8a4723-c7_0 wp-block-kadence-advancedheading\" data-kb-block=\"kb-adv-heading17602_8a4723-c7_0\">Remotely guided the exterior lighting design for the project, supplying two high-quality neon lighting products: HL-N1615V24-CrgbDMX and HL-N2016V24-C27. The project achieved tremendous local success and has become an iconic landma<\/p>\n\n\n<style>.wp-block-kadence-advancedheading.kt-adv-heading17602_417ba5-ae_0, .wp-block-kadence-advancedheading.kt-adv-heading17602_417ba5-ae_0[data-kb-block=\"kb-adv-heading17602_417ba5-ae_0\"]{font-style:normal;}.wp-block-kadence-advancedheading.kt-adv-heading17602_417ba5-ae_0[data-kb-block=\"kb-adv-heading17602_417ba5-ae_0\"]{display:flex;gap:0.25em;align-items:center;}.wp-block-kadence-advancedheading.kt-adv-heading17602_417ba5-ae_0[data-kb-block=\"kb-adv-heading17602_417ba5-ae_0\"] .kb-adv-heading-icon svg{width:1em;height:1em;}.wp-block-kadence-advancedheading.kt-adv-heading17602_417ba5-ae_0[data-kb-block=\"kb-adv-heading17602_417ba5-ae_0\"] .kb-adv-heading-icon{color:var(--global-palette14, #3182CE);}.wp-block-kadence-advancedheading.kt-adv-heading17602_417ba5-ae_0 mark.kt-highlight, .wp-block-kadence-advancedheading.kt-adv-heading17602_417ba5-ae_0[data-kb-block=\"kb-adv-heading17602_417ba5-ae_0\"] mark.kt-highlight{font-style:normal;color:#f76a0c;-webkit-box-decoration-break:clone;box-decoration-break:clone;padding-top:0px;padding-right:0px;padding-bottom:0px;padding-left:0px;}.wp-block-kadence-advancedheading.kt-adv-heading17602_417ba5-ae_0 img.kb-inline-image, .wp-block-kadence-advancedheading.kt-adv-heading17602_417ba5-ae_0[data-kb-block=\"kb-adv-heading17602_417ba5-ae_0\"] img.kb-inline-image{width:150px;vertical-align:baseline;}<\/style><h3 class=\"kt-adv-heading17602_417ba5-ae_0 wp-block-kadence-advancedheading kt-adv-heading-has-icon\" data-kb-block=\"kb-adv-heading17602_417ba5-ae_0\"><span class=\"kb-svg-icon-wrap kb-adv-heading-icon kb-svg-icon-icon-filter_2 kb-adv-heading-icon-side-left\"><svg viewBox=\"0 0 1024 1024\"  fill=\"currentColor\" xmlns=\"http:\/\/www.w3.org\/2000\/svg\"  aria-hidden=\"true\"><path d=\"M726 554v86h-256v-170q0-36 24-61t60-25h86v-86h-170v-84h170q36 0 61 24t25 60v86q0 36-25 61t-61 25h-86v84h172zM896 726v-598h-598v598h598zM896 42q34 0 60 26t26 60v598q0 34-26 59t-60 25h-598q-34 0-59-25t-25-59v-598q0-34 25-60t59-26h598zM128 214v682h682v86h-682q-34 0-60-26t-26-60v-682h86z\"\/><\/svg><\/span><span class=\"kb-adv-text-inner\">Baoan International Airport Lighting Upgrade Project<\/span><\/h3>\n\n<style>.wp-block-kadence-advancedheading.kt-adv-heading17602_f3ae90-eb_0, .wp-block-kadence-advancedheading.kt-adv-heading17602_f3ae90-eb_0[data-kb-block=\"kb-adv-heading17602_f3ae90-eb_0\"]{font-style:normal;}.wp-block-kadence-advancedheading.kt-adv-heading17602_f3ae90-eb_0 mark.kt-highlight, .wp-block-kadence-advancedheading.kt-adv-heading17602_f3ae90-eb_0[data-kb-block=\"kb-adv-heading17602_f3ae90-eb_0\"] mark.kt-highlight{font-style:normal;color:#f76a0c;-webkit-box-decoration-break:clone;box-decoration-break:clone;padding-top:0px;padding-right:0px;padding-bottom:0px;padding-left:0px;}.wp-block-kadence-advancedheading.kt-adv-heading17602_f3ae90-eb_0 img.kb-inline-image, .wp-block-kadence-advancedheading.kt-adv-heading17602_f3ae90-eb_0[data-kb-block=\"kb-adv-heading17602_f3ae90-eb_0\"] img.kb-inline-image{width:150px;vertical-align:baseline;}<\/style>\n<p class=\"kt-adv-heading17602_f3ae90-eb_0 wp-block-kadence-advancedheading\" data-kb-block=\"kb-adv-heading17602_f3ae90-eb_0\">As a lighting engineer, oversaw the energy-efficient LED lighting retrofit and smart control system design for the terminal&#8217;s public areas, achieving a 35% reduction in overall energy consumption.<\/p>\n\n\n<style>.wp-block-kadence-advancedheading.kt-adv-heading17602_a81277-7c_0, .wp-block-kadence-advancedheading.kt-adv-heading17602_a81277-7c_0[data-kb-block=\"kb-adv-heading17602_a81277-7c_0\"]{font-style:normal;}.wp-block-kadence-advancedheading.kt-adv-heading17602_a81277-7c_0 mark.kt-highlight, .wp-block-kadence-advancedheading.kt-adv-heading17602_a81277-7c_0[data-kb-block=\"kb-adv-heading17602_a81277-7c_0\"] mark.kt-highlight{font-style:normal;color:#f76a0c;-webkit-box-decoration-break:clone;box-decoration-break:clone;padding-top:0px;padding-right:0px;padding-bottom:0px;padding-left:0px;}.wp-block-kadence-advancedheading.kt-adv-heading17602_a81277-7c_0 img.kb-inline-image, .wp-block-kadence-advancedheading.kt-adv-heading17602_a81277-7c_0[data-kb-block=\"kb-adv-heading17602_a81277-7c_0\"] img.kb-inline-image{width:150px;vertical-align:baseline;}<\/style>\n<h2 class=\"kt-adv-heading17602_a81277-7c_0 wp-block-kadence-advancedheading\" data-kb-block=\"kb-adv-heading17602_a81277-7c_0\">Professional Philosophy<\/h2>\n\n\n\n<blockquote class=\"wp-block-quote is-layout-flow wp-block-quote-is-layout-flow\">\n<p>\u201cI believe that light is not merely a tool to dispel darkness, but a medium to shape space, convey emotion, and enhance efficiency. My goal is to utilize professional expertise and innovative design to create a safe, comfortable, efficient, and sustainable luminous environment for every project.\u201d<\/p>\n<\/blockquote>\n<\/div><\/div>\n\n<\/div><\/div>","protected":false},"excerpt":{"rendered":"<p>Ingeniero de iluminaci\u00f3n Perfil personal Informaci\u00f3n b\u00e1sica Experiencia profesional Proyecto del Hotel Okada en Manila, Filipinas Dirigi\u00f3 de forma remota el dise\u00f1o de la iluminaci\u00f3n exterior del proyecto, suministrando dos productos de iluminaci\u00f3n de ne\u00f3n de alta calidad: HL-N1615V24-CrgbDMX y HL-N2016V24-C27. El proyecto obtuvo un enorme \u00e9xito local y se ha convertido en un hito emblem\u00e1tico. Proyecto de mejora de la iluminaci\u00f3n del Aeropuerto Internacional de Baoan Como...<\/p>","protected":false},"author":1,"featured_media":0,"parent":0,"menu_order":0,"comment_status":"closed","ping_status":"closed","template":"","meta":{"_acf_changed":false,"_kad_blocks_custom_css":"","_kad_blocks_head_custom_js":"","_kad_blocks_body_custom_js":"","_kad_blocks_footer_custom_js":"","_kadence_starter_templates_imported_post":false,"_kad_post_transparent":"disable","_kad_post_title":"show","_kad_post_layout":"normal","_kad_post_sidebar_id":"","_kad_post_content_style":"","_kad_post_vertical_padding":"","_kad_post_feature":"","_kad_post_feature_position":"","_kad_post_header":false,"_kad_post_footer":false,"_kad_post_classname":"","footnotes":""},"class_list":["post-17602","page","type-page","status-publish","hentry"],"acf":[],"taxonomy_info":[],"featured_image_src_large":false,"author_info":{"display_name":"Helian LED Lighting","author_link":"https:\/\/hlled.com\/es\/author\/helian-led-lighting\/"},"comment_info":0,"_links":{"self":[{"href":"https:\/\/hlled.com\/es\/wp-json\/wp\/v2\/pages\/17602","targetHints":{"allow":["GET"]}}],"collection":[{"href":"https:\/\/hlled.com\/es\/wp-json\/wp\/v2\/pages"}],"about":[{"href":"https:\/\/hlled.com\/es\/wp-json\/wp\/v2\/types\/page"}],"author":[{"embeddable":true,"href":"https:\/\/hlled.com\/es\/wp-json\/wp\/v2\/users\/1"}],"replies":[{"embeddable":true,"href":"https:\/\/hlled.com\/es\/wp-json\/wp\/v2\/comments?post=17602"}],"version-history":[{"count":0,"href":"https:\/\/hlled.com\/es\/wp-json\/wp\/v2\/pages\/17602\/revisions"}],"wp:attachment":[{"href":"https:\/\/hlled.com\/es\/wp-json\/wp\/v2\/media?parent=17602"}],"curies":[{"name":"wp","href":"https:\/\/api.w.org\/{rel}","templated":true}]}}